{"id":1790,"date":"2019-09-05T19:36:56","date_gmt":"2019-09-05T23:36:56","guid":{"rendered":"https:\/\/docinterhar.org\/?page_id=1790"},"modified":"2023-11-08T10:39:14","modified_gmt":"2023-11-08T15:39:14","slug":"french-training","status":"publish","type":"page","link":"https:\/\/docinterhar.ca\/en\/program\/language\/french-training\/","title":{"rendered":"French Training"},"content":{"rendered":"\n<p class=\"has-medium-font-size wp-block-paragraph\">If you take a credited, undergraduate-level course, inquire about registering as an independent student so that your GPA will not be affected. Montreal also has many privately-run language academies.<\/p>\n\n\n\n<h2 class=\"wp-block-heading\">I want intensive sessions<\/h2>\n\n\n\n<ul class=\"wp-block-list\">\n<li><a href=\"https:\/\/ecoledelangues.umontreal.ca\/sejours-linguistiques\/ecole-dete-en-francais\/\">Universit\u00e9 de Montr\u00e9al, \u00c9cole de langues, \u00c9cole d\u2019\u00e9t\u00e9 d\u2019immersion en fran\u00e7ais<\/a>&nbsp;(3 weeks, 72 hours)&nbsp;<\/li>\n\n\n\n<li><a href=\"https:\/\/langues-immersion.uqam.ca\/en\/our-programs\/french--english.html\">UQ\u00c0M, French Summer Program<\/a>&nbsp;(3 weeks, 41 or 62 hours)<\/li>\n\n\n\n<li><a href=\"https:\/\/www.ymcalanguages.com\/en\/Language-School\/Adult-Courses\/French\/\">YMCA, Intensive and Semi-Intensive programs<\/a>&nbsp;(4 Weeks, 100 or 60 hours)<\/li>\n\n\n\n<li><a href=\"https:\/\/www.dawsoncollege.qc.ca\/ctd\/course-category\/languages\/\">Dawson College, Cours fran\u00e7ais langue seconde<\/a>, (3 weeks, 40 or 90 hours)<\/li>\n\n\n\n<li><a href=\"https:\/\/www.vaniercollege.qc.ca\/language-school\/programs\/full-time-french\/\">Vanier College, Full-Time French<\/a>&nbsp;(4 weeks, 80 hours or 5 weeks, 100 hours)<\/li>\n<\/ul>\n\n\n\n<h2 class=\"wp-block-heading\">I want weekly sessions<\/h2>\n\n\n\n<ul class=\"wp-block-list\">\n<li><a href=\"https:\/\/www.concordia.ca\/artsci\/francais\/vie-etudiante\/succeeding-in-french\/learn.html\">Concordia, d\u00e9partement d\u2019\u00e9tudes fran\u00e7aises, Cours de fran\u00e7ais<\/a>&nbsp;(13 weeks, 52 hours)<\/li>\n\n\n\n<li><a href=\"https:\/\/ecoledelangues.umontreal.ca\/francais-langue-seconde\/cours-de-francais\/\">Universit\u00e9 de Montr\u00e9al, \u00c9cole de langues, cours de fran\u00e7ais langue seconde<\/a>&nbsp;(13 weeks, 50 hours)<\/li>\n\n\n\n<li><a href=\"https:\/\/linguistique.uqam.ca\/wp-content\/uploads\/sites\/71\/Cours-de-grammaire-du-franc%CC%A7ais-e%CC%81crit.pdf\">UQAM, D\u00e9partement de linguistique, Cours de grammaire du fran\u00e7ais \u00e9crit<\/a>&nbsp;(14 weeks, 42 hours)<\/li>\n\n\n\n<li><a href=\"https:\/\/www.ymcalanguages.com\/en\/Language-School\/Adult-Courses\/French\">YMCA, A variety of courses in reading, writing, and speaking<\/a>&nbsp;(7 weeks, 28 hours)<\/li>\n\n\n\n<li><a href=\"https:\/\/www.vaniercollege.qc.ca\/language-school\/programs\/part-time-french-courses\/#written\">Vanier College, Evening classes<\/a>&nbsp;(8 weeks, 40 hours)<\/li>\n\n\n\n<li><a href=\"https:\/\/francisationcsdm.wordpress.com\/anglais\/\">Commission Scolaire de Montreal<\/a>&nbsp;(8 weeks)<\/li>\n<\/ul>\n\n\n\n<p class=\"wp-block-paragraph\"><strong>UdeM Students<\/strong><\/p>\n\n\n\n<ul class=\"wp-block-list\">\n<li><a href=\"http:\/\/www.cce.umontreal.ca\/caf.htm\">Universit\u00e9 de Montr\u00e9al, Carrefour SA\u00c9, Tutorat individuel<\/a>&nbsp;( 6 Weeks, 6 hours)<\/li>\n<\/ul>\n\n\n\n<p class=\"wp-block-paragraph\"><strong>Concordia Students<\/strong><\/p>\n\n\n\n<ul class=\"wp-block-list\">\n<li><a href=\"https:\/\/www.concordia.ca\/students\/gradproskills\/workshops\/skill-domains\/language-training.html\">GradProSkills, Peer conversation groups<\/a>, (10 weeks, 20 hours)<\/li>\n\n\n\n<li><a href=\"mailto:info@gsaconcordia.ca\">Graduate Students Association, French Classes<\/a>, (9 weeks, 36 hours)&nbsp; $100<\/li>\n<\/ul>\n\n\n\n<h2 class=\"wp-block-heading\">I want casual sessions<\/h2>\n\n\n\n<ul class=\"wp-block-list\">\n<li><a href=\"http:\/\/www.ahc.umontreal.ca\/ActivitesJumelage\/interlinguistique.htm\">Universit\u00e9 de Montr\u00e9al, Carrefour SA\u00c9<\/a>, Jumelage interlinguistique<\/li>\n\n\n\n<li><a href=\"http:\/\/www.banq.qc.ca\/services\/grande_bibliotheque\/laboratoire_langues\/index.html?language_id=1\">BANQ, The language laboratory<\/a><\/li>\n<\/ul>\n\n\n\n<p class=\"wp-block-paragraph\"><strong>UdeM Students<\/strong><\/p>\n\n\n\n<ul class=\"wp-block-list\">\n<li><a href=\"https:\/\/carrefoursae.umontreal.ca\/soutien\/nonfrancophone\/\">Universit\u00e9 de Montr\u00e9al, Carrefour SA\u00c9, Atelier de conversation<\/a><\/li>\n\n\n\n<li><a href=\"http:\/\/www.cce.umontreal.ca\/ateliers\/index.htm#un\">Universit\u00e9 de Montr\u00e9al, Carrefour SA\u00c9, Atelier pour r\u00e9ussir en fran\u00e7ais<\/a>&nbsp;(\u00e9crit)<\/li>\n<\/ul>\n\n\n\n<p class=\"wp-block-paragraph\"><strong>Concordia Students<\/strong><\/p>\n\n\n\n<ul class=\"wp-block-list\">\n<li><a href=\"http:\/\/www.concordia.ca\/students\/success\/learning-support\/conversation-groups.html\">Student Success Center, Conversation Groups<\/a>&nbsp;(1hr\/week)<\/li>\n<\/ul>\n\n\n\n<p class=\"wp-block-paragraph\"><strong>UQAM<\/strong><\/p>\n\n\n\n<ul class=\"wp-block-list\">\n<li><a href=\"https:\/\/langues.uqam.ca\/francais\/francais-nouvelles-complet\/493-ateliers-de-conversation-pour-les-etudiants-de-niveaux-intermediaire-et-avance-1.html\">UQAM, Centre d\u2019\u00e9coute, Atelier conversation<\/a>&nbsp;(2hr\/week)<\/li>\n<\/ul>\n","protected":false},"excerpt":{"rendered":"<p>If you take a credited, undergraduate-level course, inquire about registering as an independent student so that your GPA will not be affected. Montreal also has many privately-run language academies. I [&hellip;]<\/p>\n","protected":false},"author":242268434,"featured_media":0,"parent":295,"menu_order":0,"comment_status":"closed","ping_status":"closed","template":"","meta":{"_crdt_document":"","advanced_seo_description":"","jetpack_seo_html_title":"","jetpack_seo_noindex":false,"_EventAllDay":false,"_EventTimezone":"","_EventStartDate":"","_EventEndDate":"","_EventStartDateUTC":"","_EventEndDateUTC":"","_EventShowMap":false,"_EventShowMapLink":false,"_EventURL":"","_EventCost":"","_EventCostDescription":"","_EventCurrencySymbol":"","_EventCurrencyCode":"","_EventCurrencyPosition":"","_EventDateTimeSeparator":"","_EventTimeRangeSeparator":"","_EventOrganizerID":[],"_EventVenueID":[],"_OrganizerEmail":"","_OrganizerPhone":"","_OrganizerWebsite":"","_VenueAddress":"","_VenueCity":"","_VenueCountry":"","_VenueProvince":"","_VenueState":"","_VenueZip":"","_VenuePhone":"","_VenueURL":"","_VenueStateProvince":"","_VenueLat":"","_VenueLng":"","_VenueShowMap":false,"_VenueShowMapLink":false,"footnotes":""},"categories":[],"tags":[],"class_list":["post-1790","page","type-page","status-publish","hentry"],"jetpack_likes_enabled":true,"jetpack_sharing_enabled":true,"jetpack_shortlink":"https:\/\/wp.me\/PfghYs-sS","jetpack-related-posts":[],"_links":{"self":[{"href":"https:\/\/docinterhar.ca\/en\/wp-json\/wp\/v2\/pages\/1790","targetHints":{"allow":["GET"]}}],"collection":[{"href":"https:\/\/docinterhar.ca\/en\/wp-json\/wp\/v2\/pages"}],"about":[{"href":"https:\/\/docinterhar.ca\/en\/wp-json\/wp\/v2\/types\/page"}],"author":[{"embeddable":true,"href":"https:\/\/docinterhar.ca\/en\/wp-json\/wp\/v2\/users\/242268434"}],"replies":[{"embeddable":true,"href":"https:\/\/docinterhar.ca\/en\/wp-json\/wp\/v2\/comments?post=1790"}],"version-history":[{"count":1,"href":"https:\/\/docinterhar.ca\/en\/wp-json\/wp\/v2\/pages\/1790\/revisions"}],"predecessor-version":[{"id":7342,"href":"https:\/\/docinterhar.ca\/en\/wp-json\/wp\/v2\/pages\/1790\/revisions\/7342"}],"up":[{"embeddable":true,"href":"https:\/\/docinterhar.ca\/en\/wp-json\/wp\/v2\/pages\/295"}],"wp:attachment":[{"href":"https:\/\/docinterhar.ca\/en\/wp-json\/wp\/v2\/media?parent=1790"}],"wp:term":[{"taxonomy":"category","embeddable":true,"href":"https:\/\/docinterhar.ca\/en\/wp-json\/wp\/v2\/categories?post=1790"},{"taxonomy":"post_tag","embeddable":true,"href":"https:\/\/docinterhar.ca\/en\/wp-json\/wp\/v2\/tags?post=1790"}],"curies":[{"name":"wp","href":"https:\/\/api.w.org\/{rel}","templated":true}]}}