{"id":326,"date":"2019-08-12T16:09:02","date_gmt":"2019-08-12T20:09:02","guid":{"rendered":"https:\/\/docinterhar.org\/?page_id=326"},"modified":"2019-08-13T20:50:10","modified_gmt":"2019-08-14T00:50:10","slug":"udem","status":"publish","type":"page","link":"https:\/\/docinterhar.ca\/en\/program\/students\/funding\/udem\/","title":{"rendered":"UdeM"},"content":{"rendered":"<p>[breadcrumb]<\/p>\n\n\n\n<p class=\"wp-block-paragraph\"><a href=\"https:\/\/histart.umontreal.ca\/ressources-services\/soutien-financier\/\">D\u00e9partement d&#8217;histoire de l&#8217;art et d&#8217;\u00e9tudes cin\u00e9matographiques<\/a><br><\/p>\n\n\n\n<p class=\"wp-block-paragraph\"><a href=\"https:\/\/fesp.umontreal.ca\/ce-quil-faut-savoir\/financement\/\">Facult\u00e9 des \u00e9tudes sup\u00e9rieures et postdoctorales (FESP)<\/a><br><\/p>\n\n\n\n<p class=\"wp-block-paragraph\"><a href=\"http:\/\/bourses.sae.umontreal.ca\/bourses-sae\/index.htm\">Services aux \u00e9tudiants<\/a><br><\/p>\n","protected":false},"excerpt":{"rendered":"<p>D\u00e9partement d&#8217;histoire de l&#8217;art et d&#8217;\u00e9tudes cin\u00e9matographiques Facult\u00e9 des \u00e9tudes sup\u00e9rieures et postdoctorales (FESP) Services aux \u00e9tudiants<\/p>\n","protected":false},"author":242268434,"featured_media":0,"parent":320,"menu_order":0,"comment_status":"closed","ping_status":"closed","template":"","meta":{"_crdt_document":"","advanced_seo_description":"","jetpack_seo_html_title":"","jetpack_seo_noindex":false,"_EventAllDay":false,"_EventTimezone":"","_EventStartDate":"","_EventEndDate":"","_EventStartDateUTC":"","_EventEndDateUTC":"","_EventShowMap":false,"_EventShowMapLink":false,"_EventURL":"","_EventCost":"","_EventCostDescription":"","_EventCurrencySymbol":"","_EventCurrencyCode":"","_EventCurrencyPosition":"","_EventDateTimeSeparator":"","_EventTimeRangeSeparator":"","_EventOrganizerID":[],"_EventVenueID":[],"_OrganizerEmail":"","_OrganizerPhone":"","_OrganizerWebsite":"","_VenueAddress":"","_VenueCity":"","_VenueCountry":"","_VenueProvince":"","_VenueState":"","_VenueZip":"","_VenuePhone":"","_VenueURL":"","_VenueStateProvince":"","_VenueLat":"","_VenueLng":"","_VenueShowMap":false,"_VenueShowMapLink":false,"footnotes":""},"categories":[],"tags":[],"class_list":["post-326","page","type-page","status-publish","hentry"],"jetpack_likes_enabled":true,"jetpack_sharing_enabled":true,"jetpack_shortlink":"https:\/\/wp.me\/PfghYs-5g","jetpack-related-posts":[],"_links":{"self":[{"href":"https:\/\/docinterhar.ca\/en\/wp-json\/wp\/v2\/pages\/326","targetHints":{"allow":["GET"]}}],"collection":[{"href":"https:\/\/docinterhar.ca\/en\/wp-json\/wp\/v2\/pages"}],"about":[{"href":"https:\/\/docinterhar.ca\/en\/wp-json\/wp\/v2\/types\/page"}],"author":[{"embeddable":true,"href":"https:\/\/docinterhar.ca\/en\/wp-json\/wp\/v2\/users\/242268434"}],"replies":[{"embeddable":true,"href":"https:\/\/docinterhar.ca\/en\/wp-json\/wp\/v2\/comments?post=326"}],"version-history":[{"count":0,"href":"https:\/\/docinterhar.ca\/en\/wp-json\/wp\/v2\/pages\/326\/revisions"}],"up":[{"embeddable":true,"href":"https:\/\/docinterhar.ca\/en\/wp-json\/wp\/v2\/pages\/320"}],"wp:attachment":[{"href":"https:\/\/docinterhar.ca\/en\/wp-json\/wp\/v2\/media?parent=326"}],"wp:term":[{"taxonomy":"category","embeddable":true,"href":"https:\/\/docinterhar.ca\/en\/wp-json\/wp\/v2\/categories?post=326"},{"taxonomy":"post_tag","embeddable":true,"href":"https:\/\/docinterhar.ca\/en\/wp-json\/wp\/v2\/tags?post=326"}],"curies":[{"name":"wp","href":"https:\/\/api.w.org\/{rel}","templated":true}]}}