{"id":56,"date":"2019-07-03T14:53:12","date_gmt":"2019-07-03T18:53:12","guid":{"rendered":"https:\/\/docinterhar.org\/?page_id=56"},"modified":"2023-11-07T14:07:33","modified_gmt":"2023-11-07T19:07:33","slug":"admission","status":"publish","type":"page","link":"https:\/\/docinterhar.ca\/en\/admission\/","title":{"rendered":"Admission"},"content":{"rendered":"\n<p class=\"has-custom-size wp-block-paragraph\" style=\"font-size:clamp(14.642px, 0.915rem + ((1vw - 3.2px) * 0.836), 22px);px\"><strong>Interested in studying with us?&nbsp;<\/strong><\/p>\n\n\n\n<p class=\"has-medium-font-size wp-block-paragraph\">Please ensure that you:<\/p>\n\n\n\n<ul class=\"wp-block-list\">\n<li>Have an MA in Art History or training and experience recognized as equivalent by the Interuniversity Doctoral Program in Art History committee.\n<ul class=\"wp-block-list\">\n<li>Candidates without sufficient Art History training may be required to take additional courses or a preparatory year of study as recommended by the Graduate Program committee of their home institution or the Interuniversity committee.<\/li>\n<\/ul>\n<\/li>\n\n\n\n<li>Approach potential supervisors and begin to develop your academic relationship with someone who agrees to supervise you. Send them a draft of your preliminary&nbsp;<a href=\"https:\/\/docinterhar.org\/admission\/what-we-look-for-in-a-research-proposal\/\">research proposal<\/a>&nbsp;and ask for their feedback.<\/li>\n\n\n\n<li>Submit your application for admission to the university where your chosen thesis supervisor teaches. The application must include:\n<ul class=\"wp-block-list\">\n<li>A preliminary&nbsp;<a href=\"https:\/\/docinterhar.org\/admission\/what-we-look-for-in-a-research-proposal\/\">research proposal<\/a>&nbsp;signed approved by a faculty member who has agreed to act as supervisor<\/li>\n\n\n\n<li>Two or three letters of recommendation (as stipulated by your home institution)<\/li>\n\n\n\n<li>A letter of support from the prospective thesis supervisor<\/li>\n\n\n\n<li>Transcripts of all university studies<\/li>\n\n\n\n<li>A curriculum vitae including any publications and other scholarly and professional activities<\/li>\n<\/ul>\n<\/li>\n<\/ul>\n\n\n\n<p class=\"wp-block-paragraph\">You must meet the language requirements and admission criteria specific to the university where you are applying.<\/p>\n\n\n\n<h2 class=\"wp-block-heading has-medium-font-size has-custom-size\" style=\"font-size:clamp(25.5px, 1.594rem + ((1vw - 3.2px) * 1.989), 43px);\"><strong>For more information see<\/strong>:<\/h2>\n\n\n\n<p class=\"has-medium-font-size has-custom-size wp-block-paragraph\" style=\"font-size:clamp(14px, 0.875rem + ((1vw - 3.2px) * 0.682), 20px);\">Requirements for admission<\/p>\n\n\n\n<div class=\"wp-block-group has-global-padding is-layout-constrained wp-block-group-is-layout-constrained\">\n<div class=\"wp-block-columns is-layout-flex wp-container-core-columns-is-layout-794e3cfa wp-block-columns-is-layout-flex\">\n<div class=\"wp-block-column is-layout-flow wp-block-column-is-layout-flow\">\n<ul class=\"wp-block-list\">\n<li><a href=\"https:\/\/www.concordia.ca\/finearts\/art-history\/programs\/graduate.html?utm_source=redirect&amp;utm_campaign=arthistory\">Concordia University admission requirements<\/a><\/li>\n\n\n\n<li><a href=\"https:\/\/etudier.uqam.ca\/programmes#Conditions\">Universit\u00e9 du Qu\u00e9bec \u00e0 Montr\u00e9al admission requirements<\/a><\/li>\n\n\n\n<li><a href=\"https:\/\/histart.umontreal.ca\/programmes-cours\/histoire-de-lart\/doctorat-histoire-art\/\">Universit\u00e9 de Montr\u00e9al admission requirements<\/a><\/li>\n<\/ul>\n<\/div>\n<\/div>\n<\/div>\n\n\n\n<p class=\"has-medium-font-size wp-block-paragraph\">Language requirements for admission<\/p>\n\n\n\n<div class=\"wp-block-columns is-layout-flex wp-container-core-columns-is-layout-794e3cfa wp-block-columns-is-layout-flex\">\n<div class=\"wp-block-column is-layout-flow wp-block-column-is-layout-flow\">\n<ul class=\"wp-block-list\">\n<li><a href=\"https:\/\/www.concordia.ca\/gradstudies\/future-students\/how-to-apply\/english-language-proficiency.html\">Concordia University language requirements*<\/a><\/li>\n\n\n\n<li><a href=\"https:\/\/etudier.uqam.ca\/TFI\">Universit\u00e9 du Qu\u00e9bec \u00e0 Montr\u00e9al language requirements<\/a><\/li>\n\n\n\n<li><a href=\"https:\/\/admission.umontreal.ca\/programmes\/doctorat-en-histoire-de-lart\/#exigences-admission\">Universit\u00e9 de Montr\u00e9al language requirements<\/a><\/li>\n<\/ul>\n<\/div>\n<\/div>\n\n\n\n<p class=\"wp-block-paragraph\">* Applicants to Concordia should note that the Department of Art History has recently changed its minimum requirement to a 7.5 IELTS score or its equivalent.&nbsp;<\/p>\n","protected":false},"excerpt":{"rendered":"<p>Interested in studying with us?&nbsp; Please ensure that you: You must meet the language requirements and admission criteria specific to the university where you are applying. For more information see: [&hellip;]<\/p>\n","protected":false},"author":242268434,"featured_media":0,"parent":0,"menu_order":0,"comment_status":"closed","ping_status":"closed","template":"","meta":{"_crdt_document":"","advanced_seo_description":"","jetpack_seo_html_title":"","jetpack_seo_noindex":false,"_EventAllDay":false,"_EventTimezone":"","_EventStartDate":"","_EventEndDate":"","_EventStartDateUTC":"","_EventEndDateUTC":"","_EventShowMap":false,"_EventShowMapLink":false,"_EventURL":"","_EventCost":"","_EventCostDescription":"","_EventCurrencySymbol":"","_EventCurrencyCode":"","_EventCurrencyPosition":"","_EventDateTimeSeparator":"","_EventTimeRangeSeparator":"","_EventOrganizerID":[],"_EventVenueID":[],"_OrganizerEmail":"","_OrganizerPhone":"","_OrganizerWebsite":"","_VenueAddress":"","_VenueCity":"","_VenueCountry":"","_VenueProvince":"","_VenueState":"","_VenueZip":"","_VenuePhone":"","_VenueURL":"","_VenueStateProvince":"","_VenueLat":"","_VenueLng":"","_VenueShowMap":false,"_VenueShowMapLink":false,"footnotes":""},"categories":[],"tags":[],"class_list":["post-56","page","type-page","status-publish","hentry"],"jetpack_likes_enabled":true,"jetpack_sharing_enabled":true,"jetpack_shortlink":"https:\/\/wp.me\/PfghYs-U","jetpack-related-posts":[],"_links":{"self":[{"href":"https:\/\/docinterhar.ca\/en\/wp-json\/wp\/v2\/pages\/56","targetHints":{"allow":["GET"]}}],"collection":[{"href":"https:\/\/docinterhar.ca\/en\/wp-json\/wp\/v2\/pages"}],"about":[{"href":"https:\/\/docinterhar.ca\/en\/wp-json\/wp\/v2\/types\/page"}],"author":[{"embeddable":true,"href":"https:\/\/docinterhar.ca\/en\/wp-json\/wp\/v2\/users\/242268434"}],"replies":[{"embeddable":true,"href":"https:\/\/docinterhar.ca\/en\/wp-json\/wp\/v2\/comments?post=56"}],"version-history":[{"count":5,"href":"https:\/\/docinterhar.ca\/en\/wp-json\/wp\/v2\/pages\/56\/revisions"}],"predecessor-version":[{"id":7230,"href":"https:\/\/docinterhar.ca\/en\/wp-json\/wp\/v2\/pages\/56\/revisions\/7230"}],"wp:attachment":[{"href":"https:\/\/docinterhar.ca\/en\/wp-json\/wp\/v2\/media?parent=56"}],"wp:term":[{"taxonomy":"category","embeddable":true,"href":"https:\/\/docinterhar.ca\/en\/wp-json\/wp\/v2\/categories?post=56"},{"taxonomy":"post_tag","embeddable":true,"href":"https:\/\/docinterhar.ca\/en\/wp-json\/wp\/v2\/tags?post=56"}],"curies":[{"name":"wp","href":"https:\/\/api.w.org\/{rel}","templated":true}]}}