{"id":7343,"date":"2023-11-08T10:43:35","date_gmt":"2023-11-08T15:43:35","guid":{"rendered":"https:\/\/docinterhar.ca\/?page_id=7343"},"modified":"2023-11-08T10:46:10","modified_gmt":"2023-11-08T15:46:10","slug":"funding","status":"publish","type":"page","link":"https:\/\/docinterhar.ca\/en\/funding\/","title":{"rendered":"Funding"},"content":{"rendered":"\n<h3 class=\"wp-block-heading\">University Funding<\/h3>\n\n\n\n<p class=\"wp-block-paragraph\">All applicants to the program are automatically considered for integrated, four-year funding packages that may combine scholarships with research and teaching assistantships or teaching opportunities.<br><br>For additional internal funding opportunities, consult the financial aid and funding webpages of your home university.<\/p>\n\n\n\n<div class=\"wp-block-columns is-layout-flex wp-container-core-columns-is-layout-794e3cfa wp-block-columns-is-layout-flex\">\n<div class=\"wp-block-column is-layout-flow wp-block-column-is-layout-flow\">\n<figure class=\"wp-block-image size-large\"><img data-recalc-dims=\"1\" loading=\"lazy\" decoding=\"async\" width=\"1024\" height=\"1024\" data-attachment-id=\"7165\" data-permalink=\"https:\/\/docinterhar.ca\/en\/1650398601839\/\" data-orig-file=\"https:\/\/i0.wp.com\/docinterhar.ca\/wp-content\/uploads\/2023\/11\/1650398601839.png?fit=1280%2C1280&amp;ssl=1\" data-orig-size=\"1280,1280\" data-comments-opened=\"1\" data-image-meta=\"{&quot;aperture&quot;:&quot;0&quot;,&quot;credit&quot;:&quot;&quot;,&quot;camera&quot;:&quot;&quot;,&quot;caption&quot;:&quot;&quot;,&quot;created_timestamp&quot;:&quot;0&quot;,&quot;copyright&quot;:&quot;&quot;,&quot;focal_length&quot;:&quot;0&quot;,&quot;iso&quot;:&quot;0&quot;,&quot;shutter_speed&quot;:&quot;0&quot;,&quot;title&quot;:&quot;&quot;,&quot;orientation&quot;:&quot;0&quot;}\" data-image-title=\"1650398601839\" data-image-description=\"\" data-image-caption=\"\" data-large-file=\"https:\/\/i0.wp.com\/docinterhar.ca\/wp-content\/uploads\/2023\/11\/1650398601839.png?fit=1024%2C1024&amp;ssl=1\" src=\"https:\/\/i0.wp.com\/docinterhar.ca\/wp-content\/uploads\/2023\/11\/1650398601839.png?resize=1024%2C1024&#038;ssl=1\" alt=\"\" class=\"wp-image-7165\" srcset=\"https:\/\/i0.wp.com\/docinterhar.ca\/wp-content\/uploads\/2023\/11\/1650398601839.png?resize=1024%2C1024&amp;ssl=1 1024w, https:\/\/i0.wp.com\/docinterhar.ca\/wp-content\/uploads\/2023\/11\/1650398601839.png?resize=300%2C300&amp;ssl=1 300w, https:\/\/i0.wp.com\/docinterhar.ca\/wp-content\/uploads\/2023\/11\/1650398601839.png?resize=150%2C150&amp;ssl=1 150w, https:\/\/i0.wp.com\/docinterhar.ca\/wp-content\/uploads\/2023\/11\/1650398601839.png?resize=768%2C768&amp;ssl=1 768w, https:\/\/i0.wp.com\/docinterhar.ca\/wp-content\/uploads\/2023\/11\/1650398601839.png?resize=1200%2C1200&amp;ssl=1 1200w, https:\/\/i0.wp.com\/docinterhar.ca\/wp-content\/uploads\/2023\/11\/1650398601839.png?resize=800%2C800&amp;ssl=1 800w, https:\/\/i0.wp.com\/docinterhar.ca\/wp-content\/uploads\/2023\/11\/1650398601839.png?resize=600%2C600&amp;ssl=1 600w, https:\/\/i0.wp.com\/docinterhar.ca\/wp-content\/uploads\/2023\/11\/1650398601839.png?resize=400%2C400&amp;ssl=1 400w, https:\/\/i0.wp.com\/docinterhar.ca\/wp-content\/uploads\/2023\/11\/1650398601839.png?resize=200%2C200&amp;ssl=1 200w, https:\/\/i0.wp.com\/docinterhar.ca\/wp-content\/uploads\/2023\/11\/1650398601839.png?w=1280&amp;ssl=1 1280w\" sizes=\"auto, (max-width: 1000px) 100vw, 1000px\" \/><\/figure>\n\n\n\n<ul class=\"wp-block-list\">\n<li><a rel=\"noreferrer noopener\" href=\"https:\/\/www.concordia.ca\/finearts\/art-history\/programs\/graduate\/funding-awards.html\" target=\"_blank\">Department of Art History<\/a><\/li>\n\n\n\n<li><a rel=\"noreferrer noopener\" href=\"https:\/\/gsaconcordia.ca\/services\/funding\/\" target=\"_blank\">Graduate Student Association<\/a><\/li>\n\n\n\n<li><a rel=\"noreferrer noopener\" href=\"https:\/\/www.concordia.ca\/students\/exchanges\/funding.html\" target=\"_blank\">International Opportunities for Concordia Students<\/a><\/li>\n\n\n\n<li><a href=\"http:\/\/www.concordia.ca\/students\/financial-support\/work-study.html\" target=\"_blank\" rel=\"noreferrer noopener\">Work-Study Program<\/a><\/li>\n<\/ul>\n<\/div>\n\n\n\n<div class=\"wp-block-column is-layout-flow wp-block-column-is-layout-flow\">\n<figure class=\"wp-block-image size-full\"><img data-recalc-dims=\"1\" loading=\"lazy\" decoding=\"async\" width=\"400\" height=\"400\" data-attachment-id=\"7166\" data-permalink=\"https:\/\/docinterhar.ca\/en\/uqambleu\/\" data-orig-file=\"https:\/\/i0.wp.com\/docinterhar.ca\/wp-content\/uploads\/2023\/11\/uqambleu.jpg?fit=400%2C400&amp;ssl=1\" data-orig-size=\"400,400\" data-comments-opened=\"1\" data-image-meta=\"{&quot;aperture&quot;:&quot;0&quot;,&quot;credit&quot;:&quot;&quot;,&quot;camera&quot;:&quot;&quot;,&quot;caption&quot;:&quot;&quot;,&quot;created_timestamp&quot;:&quot;0&quot;,&quot;copyright&quot;:&quot;&quot;,&quot;focal_length&quot;:&quot;0&quot;,&quot;iso&quot;:&quot;0&quot;,&quot;shutter_speed&quot;:&quot;0&quot;,&quot;title&quot;:&quot;&quot;,&quot;orientation&quot;:&quot;0&quot;}\" data-image-title=\"uqambleu\" data-image-description=\"\" data-image-caption=\"\" data-large-file=\"https:\/\/i0.wp.com\/docinterhar.ca\/wp-content\/uploads\/2023\/11\/uqambleu.jpg?fit=400%2C400&amp;ssl=1\" src=\"https:\/\/i0.wp.com\/docinterhar.ca\/wp-content\/uploads\/2023\/11\/uqambleu.jpg?resize=400%2C400&#038;ssl=1\" alt=\"\" class=\"wp-image-7166\" srcset=\"https:\/\/i0.wp.com\/docinterhar.ca\/wp-content\/uploads\/2023\/11\/uqambleu.jpg?w=400&amp;ssl=1 400w, https:\/\/i0.wp.com\/docinterhar.ca\/wp-content\/uploads\/2023\/11\/uqambleu.jpg?resize=300%2C300&amp;ssl=1 300w, https:\/\/i0.wp.com\/docinterhar.ca\/wp-content\/uploads\/2023\/11\/uqambleu.jpg?resize=150%2C150&amp;ssl=1 150w, https:\/\/i0.wp.com\/docinterhar.ca\/wp-content\/uploads\/2023\/11\/uqambleu.jpg?resize=200%2C200&amp;ssl=1 200w\" sizes=\"auto, (max-width: 400px) 100vw, 400px\" \/><\/figure>\n\n\n\n<ul class=\"wp-block-list\">\n<li><a rel=\"noreferrer noopener\" href=\"https:\/\/histoiredelart.uqam.ca\/financer-vos-etudes\/\" target=\"_blank\">D\u00e9partement d\u2019histoire de l\u2019art<\/a><\/li>\n\n\n\n<li><a rel=\"noreferrer noopener\" href=\"https:\/\/bourses.uqam.ca\/\" target=\"_blank\">UQAM, Bourses d\u2019\u00e9tudes<\/a><\/li>\n\n\n\n<li><a href=\"https:\/\/vie-etudiante.uqam.ca\/aide-financiere\/ressources\/programme-etudes-travail.html\" target=\"_blank\" rel=\"noreferrer noopener\">Program etudes-travail<\/a><\/li>\n<\/ul>\n<\/div>\n\n\n\n<div class=\"wp-block-column is-layout-flow wp-block-column-is-layout-flow\">\n<figure class=\"wp-block-image size-full\"><img data-recalc-dims=\"1\" loading=\"lazy\" decoding=\"async\" width=\"225\" height=\"225\" data-attachment-id=\"7173\" data-permalink=\"https:\/\/docinterhar.ca\/en\/telechargement-4\/\" data-orig-file=\"https:\/\/i0.wp.com\/docinterhar.ca\/wp-content\/uploads\/2023\/11\/telechargement.png?fit=225%2C225&amp;ssl=1\" data-orig-size=\"225,225\" data-comments-opened=\"1\" data-image-meta=\"{&quot;aperture&quot;:&quot;0&quot;,&quot;credit&quot;:&quot;&quot;,&quot;camera&quot;:&quot;&quot;,&quot;caption&quot;:&quot;&quot;,&quot;created_timestamp&quot;:&quot;0&quot;,&quot;copyright&quot;:&quot;&quot;,&quot;focal_length&quot;:&quot;0&quot;,&quot;iso&quot;:&quot;0&quot;,&quot;shutter_speed&quot;:&quot;0&quot;,&quot;title&quot;:&quot;&quot;,&quot;orientation&quot;:&quot;0&quot;}\" data-image-title=\"telechargement\" data-image-description=\"\" data-image-caption=\"\" data-large-file=\"https:\/\/i0.wp.com\/docinterhar.ca\/wp-content\/uploads\/2023\/11\/telechargement.png?fit=225%2C225&amp;ssl=1\" src=\"https:\/\/i0.wp.com\/docinterhar.ca\/wp-content\/uploads\/2023\/11\/telechargement.png?resize=225%2C225&#038;ssl=1\" alt=\"\" class=\"wp-image-7173\" srcset=\"https:\/\/i0.wp.com\/docinterhar.ca\/wp-content\/uploads\/2023\/11\/telechargement.png?w=225&amp;ssl=1 225w, https:\/\/i0.wp.com\/docinterhar.ca\/wp-content\/uploads\/2023\/11\/telechargement.png?resize=150%2C150&amp;ssl=1 150w, https:\/\/i0.wp.com\/docinterhar.ca\/wp-content\/uploads\/2023\/11\/telechargement.png?resize=200%2C200&amp;ssl=1 200w\" sizes=\"auto, (max-width: 225px) 100vw, 225px\" \/><\/figure>\n\n\n\n<ul class=\"wp-block-list\">\n<li><a rel=\"noreferrer noopener\" href=\"https:\/\/histart.umontreal.ca\/ressources-services\/soutien-financier\/\" target=\"_blank\">D\u00e9partement d\u2019histoire de l\u2019art et d\u2019\u00e9tudes cin\u00e9matographiques<\/a><\/li>\n\n\n\n<li><a rel=\"noreferrer noopener\" href=\"https:\/\/fesp.umontreal.ca\/ce-quil-faut-savoir\/financement\/\" target=\"_blank\">Facult\u00e9 des \u00e9tudes sup\u00e9rieures et postdoctorales (FESP)<\/a><\/li>\n\n\n\n<li><a rel=\"noreferrer noopener\" href=\"http:\/\/bourses.sae.umontreal.ca\/bourses-sae\/index.htm\" target=\"_blank\">Services aux \u00e9tudiants<\/a><\/li>\n\n\n\n<li><a href=\"http:\/\/www.etudes-travail.umontreal.ca\/\" target=\"_blank\" rel=\"noreferrer noopener\">Programme etudes-travail<\/a><\/li>\n<\/ul>\n<\/div>\n<\/div>\n\n\n\n<h3 class=\"wp-block-heading\">Federal Funding<\/h3>\n\n\n\n<p class=\"wp-block-paragraph\">The Social Sciences and Humanities Research Council of Canada (SSHRC) offers doctoral scholarships for Canadian citizens and permanent residents, and an elite competition for international students. Consult your department for application deadlines and procedures.<\/p>\n\n\n\n<p class=\"wp-block-paragraph\"><a href=\"http:\/\/www.sshrc-crsh.gc.ca\/funding-financement\/umbrella_programs-programme_cadre\/talent-eng.aspx\" target=\"_blank\" rel=\"noreferrer noopener\">Learn more<\/a><\/p>\n\n\n\n<h3 class=\"wp-block-heading\">Provincial Funding<\/h3>\n\n\n\n<p class=\"wp-block-paragraph\">The Fonds de recherche du Qu\u00e9bec \u2013 Soci\u00e9t\u00e9 et culture (FRQSC) offers doctoral scholarships for Quebec residents. International students and Canadians from outside the province of Quebec are eligible to apply if they have a valid R\u00e9gie d\u2019assurance maladie du Qu\u00e9bec (RAMQ) card or if they have been enrolled at a Qu\u00e9bec university on a full-time basis for at least 2 of the 3 terms prior to the competition deadline. Applications are made directly to the FRQSC.<\/p>\n\n\n\n<p class=\"wp-block-paragraph\"><a href=\"http:\/\/www.frqsc.gouv.qc.ca\/en\/bourses-et-subventions\" target=\"_blank\" rel=\"noreferrer noopener\">Learn more<\/a><\/p>\n\n\n\n<h3 class=\"wp-block-heading\">Other Scholarships<\/h3>\n\n\n\n<ul class=\"wp-block-list\">\n<li><a href=\"https:\/\/www.mitacs.ca\/en\/programs#student\">MITACS<\/a><\/li>\n\n\n\n<li><a rel=\"noreferrer noopener\" href=\"http:\/\/www.trudeaufoundation.ca\/en\/programs\/doctoral-scholarships\" target=\"_blank\">The Trudeau Foundation Doctoral Scholarship<\/a><\/li>\n\n\n\n<li><a rel=\"noreferrer noopener\" href=\"http:\/\/www.mkingscholarships.ca\/index-e.html\" target=\"_blank\">The Mackenzie King Scholarship<\/a><\/li>\n\n\n\n<li><a rel=\"noreferrer noopener\" href=\"https:\/\/www.fulbright.ca\/programs\/canadian-students\" target=\"_blank\">Fulbright Canada Student Award<\/a><\/li>\n\n\n\n<li><a rel=\"noreferrer noopener\" href=\"http:\/\/www.banq.qc.ca\/a_propos_banq\/bourses_recherche\/bourses_doctorat\/index.html?language_id=1\" target=\"_blank\">BANQ Doctoral Award<\/a><\/li>\n\n\n\n<li><a rel=\"noreferrer noopener\" href=\"https:\/\/www.scholarshipscanada.com\/\" target=\"_blank\">Scholarships Canada<\/a><\/li>\n<\/ul>\n","protected":false},"excerpt":{"rendered":"<p>University Funding All applicants to the program are automatically considered for integrated, four-year funding packages that may combine scholarships with research and teaching assistantships or teaching opportunities. For additional internal [&hellip;]<\/p>\n","protected":false},"author":242268434,"featured_media":0,"parent":0,"menu_order":0,"comment_status":"closed","ping_status":"closed","template":"","meta":{"_crdt_document":"","advanced_seo_description":"","jetpack_seo_html_title":"","jetpack_seo_noindex":false,"_EventAllDay":false,"_EventTimezone":"","_EventStartDate":"","_EventEndDate":"","_EventStartDateUTC":"","_EventEndDateUTC":"","_EventShowMap":false,"_EventShowMapLink":false,"_EventURL":"","_EventCost":"","_EventCostDescription":"","_EventCurrencySymbol":"","_EventCurrencyCode":"","_EventCurrencyPosition":"","_EventDateTimeSeparator":"","_EventTimeRangeSeparator":"","_EventOrganizerID":[],"_EventVenueID":[],"_OrganizerEmail":"","_OrganizerPhone":"","_OrganizerWebsite":"","_VenueAddress":"","_VenueCity":"","_VenueCountry":"","_VenueProvince":"","_VenueState":"","_VenueZip":"","_VenuePhone":"","_VenueURL":"","_VenueStateProvince":"","_VenueLat":"","_VenueLng":"","_VenueShowMap":false,"_VenueShowMapLink":false,"footnotes":""},"categories":[],"tags":[],"class_list":["post-7343","page","type-page","status-publish","hentry"],"jetpack_likes_enabled":true,"jetpack_sharing_enabled":true,"jetpack_shortlink":"https:\/\/wp.me\/PfghYs-1Ur","jetpack-related-posts":[],"_links":{"self":[{"href":"https:\/\/docinterhar.ca\/en\/wp-json\/wp\/v2\/pages\/7343","targetHints":{"allow":["GET"]}}],"collection":[{"href":"https:\/\/docinterhar.ca\/en\/wp-json\/wp\/v2\/pages"}],"about":[{"href":"https:\/\/docinterhar.ca\/en\/wp-json\/wp\/v2\/types\/page"}],"author":[{"embeddable":true,"href":"https:\/\/docinterhar.ca\/en\/wp-json\/wp\/v2\/users\/242268434"}],"replies":[{"embeddable":true,"href":"https:\/\/docinterhar.ca\/en\/wp-json\/wp\/v2\/comments?post=7343"}],"version-history":[{"count":2,"href":"https:\/\/docinterhar.ca\/en\/wp-json\/wp\/v2\/pages\/7343\/revisions"}],"predecessor-version":[{"id":7348,"href":"https:\/\/docinterhar.ca\/en\/wp-json\/wp\/v2\/pages\/7343\/revisions\/7348"}],"wp:attachment":[{"href":"https:\/\/docinterhar.ca\/en\/wp-json\/wp\/v2\/media?parent=7343"}],"wp:term":[{"taxonomy":"category","embeddable":true,"href":"https:\/\/docinterhar.ca\/en\/wp-json\/wp\/v2\/categories?post=7343"},{"taxonomy":"post_tag","embeddable":true,"href":"https:\/\/docinterhar.ca\/en\/wp-json\/wp\/v2\/tags?post=7343"}],"curies":[{"name":"wp","href":"https:\/\/api.w.org\/{rel}","templated":true}]}}