{"id":14,"date":"2019-07-03T11:17:45","date_gmt":"2019-07-03T15:17:45","guid":{"rendered":"https:\/\/docinterhar.org\/?page_id=14"},"modified":"2023-11-07T13:48:39","modified_gmt":"2023-11-07T18:48:39","slug":"program","status":"publish","type":"page","link":"https:\/\/docinterhar.ca\/fr\/program\/","title":{"rendered":"Programme"},"content":{"rendered":"<p class=\"has-medium-font-size wp-block-paragraph\">Offrant un vaste bassin de ressources et de comp\u00e9tences, notre programme \u00e9tablit un processus de travail qui enseigne aux \u00e9tudiant.e.s \u00e0 mener des recherches pouss\u00e9es et leur permet de renforcer leurs aptitudes gr\u00e2ce \u00e0 des pr\u00e9sentations, \u00e0 des \u00e9valuations ainsi qu\u2019aux conseils de leurs professeur.e.s et de leurs pairs.<\/p>\n\n\n\n<p class=\"has-medium-font-size wp-block-paragraph\">Le cursus acad\u00e9mique comporte cinq \u00e9tapes cr\u00e9dit\u00e9es:<\/p>\n\n\n\n<p class=\"wp-block-paragraph\"><a href=\"https:\/\/docinterhar.org\/program\/seminars\/\">Scolarit\u00e9<\/a>&nbsp;(12 cr\u00e9dits)<\/p>\n\n\n\n<p class=\"wp-block-paragraph\"><a href=\"https:\/\/docinterhar.org\/research-tutorial\/\">Atelier de recherche<\/a>&nbsp;(6 cr\u00e9dits)<\/p>\n\n\n\n<p class=\"wp-block-paragraph\"><a href=\"https:\/\/docinterhar.org\/program\/comprehensive-exams\/\">Examen de synth\u00e8se<\/a>&nbsp;(9 cr\u00e9dits)<\/p>\n\n\n\n<p class=\"wp-block-paragraph\"><a href=\"https:\/\/docinterhar.org\/program\/doctoral-forum\/\">Forum doctoral<\/a>\u00a0(3 cr\u00e9dits)\u00a0<\/p>\n\n\n\n<p class=\"wp-block-paragraph\"><a href=\"https:\/\/docinterhar.org\/program\/thesis\/\">Th\u00e8se<\/a>\u00a0(60 cr\u00e9dits)<\/p>\n\n\n\n<div style=\"height:20px\" aria-hidden=\"true\" class=\"wp-block-spacer\"><\/div>\n\n\n\n<p class=\"has-medium-font-size has-custom-size wp-block-paragraph\" style=\"font-size:clamp(14px, 0.875rem + ((1vw - 3.2px) * 0.682), 20px);px\">Les \u00e9tudiant.e.s doivent \u00e9galement remplir des <a href=\"\/program\/language\/#tab-languageproficiencyrequirements\">exigences d\u2019aptitudes linguistiques.<\/a>.<\/p>\n\n\n\n<p class=\"has-medium-font-size wp-block-paragraph\">Les \u00e9tudiant.e.s suivent la r\u00e9glementation de leur universit\u00e9 d\u2019attache, sauf dans le cas de s\u00e9minaires dans des \u00e9tablissements partenaires, lorsque les r\u00e8gles de l\u2019universit\u00e9 d\u2019accueil s\u2019appliquent.<\/p>\n\n\n\n<p class=\"wp-block-paragraph\"><\/p>","protected":false},"excerpt":{"rendered":"<p>With a wealth of resources and expertise at hand, our program establishes a working process that teaches students to conduct advanced research and enables them to consolidate their skills through [&hellip;]<\/p>\n","protected":false},"author":242268434,"featured_media":0,"parent":0,"menu_order":0,"comment_status":"closed","ping_status":"closed","template":"","meta":{"_crdt_document":"","advanced_seo_description":"","jetpack_seo_html_title":"","jetpack_seo_noindex":false,"_EventAllDay":false,"_EventTimezone":"","_EventStartDate":"","_EventEndDate":"","_EventStartDateUTC":"","_EventEndDateUTC":"","_EventShowMap":false,"_EventShowMapLink":false,"_EventURL":"","_EventCost":"","_EventCostDescription":"","_EventCurrencySymbol":"","_EventCurrencyCode":"","_EventCurrencyPosition":"","_EventDateTimeSeparator":"","_EventTimeRangeSeparator":"","_EventOrganizerID":[],"_EventVenueID":[],"_OrganizerEmail":"","_OrganizerPhone":"","_OrganizerWebsite":"","_VenueAddress":"","_VenueCity":"","_VenueCountry":"","_VenueProvince":"","_VenueState":"","_VenueZip":"","_VenuePhone":"","_VenueURL":"","_VenueStateProvince":"","_VenueLat":"","_VenueLng":"","_VenueShowMap":false,"_VenueShowMapLink":false,"footnotes":""},"categories":[],"tags":[],"class_list":["post-14","page","type-page","status-publish","hentry"],"jetpack_likes_enabled":true,"jetpack_sharing_enabled":true,"jetpack_shortlink":"https:\/\/wp.me\/PfghYs-e","jetpack-related-posts":[],"_links":{"self":[{"href":"https:\/\/docinterhar.ca\/fr\/wp-json\/wp\/v2\/pages\/14","targetHints":{"allow":["GET"]}}],"collection":[{"href":"https:\/\/docinterhar.ca\/fr\/wp-json\/wp\/v2\/pages"}],"about":[{"href":"https:\/\/docinterhar.ca\/fr\/wp-json\/wp\/v2\/types\/page"}],"author":[{"embeddable":true,"href":"https:\/\/docinterhar.ca\/fr\/wp-json\/wp\/v2\/users\/242268434"}],"replies":[{"embeddable":true,"href":"https:\/\/docinterhar.ca\/fr\/wp-json\/wp\/v2\/comments?post=14"}],"version-history":[{"count":2,"href":"https:\/\/docinterhar.ca\/fr\/wp-json\/wp\/v2\/pages\/14\/revisions"}],"predecessor-version":[{"id":7218,"href":"https:\/\/docinterhar.ca\/fr\/wp-json\/wp\/v2\/pages\/14\/revisions\/7218"}],"wp:attachment":[{"href":"https:\/\/docinterhar.ca\/fr\/wp-json\/wp\/v2\/media?parent=14"}],"wp:term":[{"taxonomy":"category","embeddable":true,"href":"https:\/\/docinterhar.ca\/fr\/wp-json\/wp\/v2\/categories?post=14"},{"taxonomy":"post_tag","embeddable":true,"href":"https:\/\/docinterhar.ca\/fr\/wp-json\/wp\/v2\/tags?post=14"}],"curies":[{"name":"wp","href":"https:\/\/api.w.org\/{rel}","templated":true}]}}