{"id":56,"date":"2019-07-03T14:53:12","date_gmt":"2019-07-03T18:53:12","guid":{"rendered":"https:\/\/docinterhar.org\/?page_id=56"},"modified":"2023-11-07T14:07:33","modified_gmt":"2023-11-07T19:07:33","slug":"admission","status":"publish","type":"page","link":"https:\/\/docinterhar.ca\/fr\/admission\/","title":{"rendered":"Admission"},"content":{"rendered":"<p class=\"has-custom-size wp-block-paragraph\" style=\"font-size:clamp(14.642px, 0.915rem + ((1vw - 3.2px) * 0.836), 22px);px\"><strong>Vous souhaitez \u00e9tudier chez nous?&nbsp;<\/strong><\/p>\n\n\n\n<p class=\"has-medium-font-size wp-block-paragraph\">Voici les \u00e9tapes \u00e0 suivre et les conditions \u00e0 remplir :<\/p>\n\n\n\n<ul class=\"wp-block-list\">\n<li>Vous devez poss\u00e9der une ma\u00eetrise \u00e8s arts (M.A.) en histoire de l\u2019art ou une \u00e9quivalence de formation et d\u2019exp\u00e9rience reconnue par le comit\u00e9 du programme de doctorat interuniversitaire en histoire de l\u2019art.\n<ul class=\"wp-block-list\">\n<li>Les candidats et candidates dont la formation en histoire de l\u2019art est insuffisante pourraient devoir suivre des cours suppl\u00e9mentaires ou faire une ann\u00e9e d\u2019\u00e9tudes pr\u00e9paratoire, selon la recommandation du comit\u00e9 des \u00e9tudes sup\u00e9rieures de leur \u00e9tablissement d\u2019attache ou du comit\u00e9 interuniversitaire.<\/li>\n<\/ul>\n<\/li>\n\n\n\n<li>Communiquez avec des superviseurs potentiels et commencez \u00e0 \u00e9tablir des liens p\u00e9dagogiques avec la personne qui accepte de vous superviser. Transmettez-lui une \u00e9bauche de votre&nbsp;<a href=\"https:\/\/docinterhar.org\/admission\/what-we-look-for-in-a-research-proposal\/\">avant-projet de recherche<\/a>&nbsp;afin d\u2019obtenir ses commentaires.<\/li>\n\n\n\n<li>Soumettez une demande d\u2019admission \u00e0 l\u2019universit\u00e9 o\u00f9 enseigne le directeur de th\u00e8se que vous choisissez. La demande doit comprendre :\n<ul class=\"wp-block-list\">\n<li>Un&nbsp;<a href=\"https:\/\/docinterhar.org\/admission\/what-we-look-for-in-a-research-proposal\/\">avant-projet de recherche<\/a>&nbsp;sign\u00e9 et approuv\u00e9 par un membre du corps professoral qui a accept\u00e9 de vous superviser;<\/li>\n\n\n\n<li>deux ou trois lettres de recommandation (selon les exigences de votre \u00e9tablissement d\u2019attache);<\/li>\n\n\n\n<li>une lettre d\u2019appui de votre superviseur de th\u00e8se potentiel;<\/li>\n\n\n\n<li>les relev\u00e9s de notes de toutes vos \u00e9tudes universitaires;<\/li>\n\n\n\n<li>un curriculum vit\u00e6 faisant \u00e9tat de toutes vos publications et autres activit\u00e9s d\u2019\u00e9rudition ou professionnelles.<\/li>\n<\/ul>\n<\/li>\n<\/ul>\n\n\n\n<p class=\"wp-block-paragraph\">Vous devez satisfaire aux exigences linguistiques et aux crit\u00e8res d\u2019admission propres \u00e0 l\u2019universit\u00e9 o\u00f9 vous pr\u00e9sentez une candidature.<\/p>\n\n\n\n<h2 class=\"wp-block-heading has-medium-font-size has-custom-size\" style=\"font-size:clamp(25.5px, 1.594rem + ((1vw - 3.2px) * 1.989), 43px);\"><strong>Pour en savoir plus :<\/strong>:<\/h2>\n\n\n\n<p class=\"has-medium-font-size has-custom-size wp-block-paragraph\" style=\"font-size:clamp(14px, 0.875rem + ((1vw - 3.2px) * 0.682), 20px);\">Crit\u00e8res d'admission<\/p>\n\n\n\n<div class=\"wp-block-group has-global-padding is-layout-constrained wp-block-group-is-layout-constrained\">\n<div class=\"wp-block-columns is-layout-flex wp-container-core-columns-is-layout-794e3cfa wp-block-columns-is-layout-flex\">\n<div class=\"wp-block-column is-layout-flow wp-block-column-is-layout-flow\">\n<ul class=\"wp-block-list\">\n<li><a href=\"https:\/\/www.concordia.ca\/finearts\/art-history\/programs\/graduate.html?utm_source=redirect&amp;utm_campaign=arthistory\">Crit\u00e8res d\u2019admission universit\u00e9 de Concordia<\/a><\/li>\n\n\n\n<li><a href=\"https:\/\/etudier.uqam.ca\/programmes#Conditions\">Crit\u00e8res d\u2019admission Universit\u00e9 du Qu\u00e9bec \u00e0 Montr\u00e9al<\/a><\/li>\n\n\n\n<li><a href=\"https:\/\/histart.umontreal.ca\/programmes-cours\/histoire-de-lart\/doctorat-histoire-art\/\">Crit\u00e8res d\u2019admission Universit\u00e9 de Montr\u00e9al<\/a><\/li>\n<\/ul>\n<\/div>\n<\/div>\n<\/div>\n\n\n\n<p class=\"has-medium-font-size wp-block-paragraph\">Exigences linguistiques pour l'admission<\/p>\n\n\n\n<div class=\"wp-block-columns is-layout-flex wp-container-core-columns-is-layout-794e3cfa wp-block-columns-is-layout-flex\">\n<div class=\"wp-block-column is-layout-flow wp-block-column-is-layout-flow\">\n<ul class=\"wp-block-list\">\n<li><a href=\"https:\/\/www.concordia.ca\/gradstudies\/future-students\/how-to-apply\/english-language-proficiency.html\">Exigences linguistiques pour l'universit\u00e9 de Concordia<\/a><\/li>\n\n\n\n<li><a href=\"https:\/\/etudier.uqam.ca\/TFI\">Exigences linguistiques pour l'universit\u00e9 du Qu\u00e9bec \u00e0 Montr\u00e9al<\/a><\/li>\n\n\n\n<li><a href=\"https:\/\/admission.umontreal.ca\/programmes\/doctorat-en-histoire-de-lart\/#exigences-admission\">Exigences linguistiques pour pour l'universit\u00e9 de Montr\u00e9al<\/a><\/li>\n<\/ul>\n<\/div>\n<\/div>\n\n\n\n<p class=\"wp-block-paragraph\">*Le d\u00e9partement d\u2019histoire de l\u2019art de l\u2019universit\u00e9 Concordia a r\u00e9cemment modifi\u00e9 son exigence minimale \u00e0 7.5 IELTS ou l\u2019\u00e9quivalent.&nbsp;<\/p>","protected":false},"excerpt":{"rendered":"<p>Interested in studying with us?&nbsp; Please ensure that you: You must meet the language requirements and admission criteria specific to the university where you are applying. For more information see: [&hellip;]<\/p>\n","protected":false},"author":242268434,"featured_media":0,"parent":0,"menu_order":0,"comment_status":"closed","ping_status":"closed","template":"","meta":{"_crdt_document":"","advanced_seo_description":"","jetpack_seo_html_title":"","jetpack_seo_noindex":false,"_EventAllDay":false,"_EventTimezone":"","_EventStartDate":"","_EventEndDate":"","_EventStartDateUTC":"","_EventEndDateUTC":"","_EventShowMap":false,"_EventShowMapLink":false,"_EventURL":"","_EventCost":"","_EventCostDescription":"","_EventCurrencySymbol":"","_EventCurrencyCode":"","_EventCurrencyPosition":"","_EventDateTimeSeparator":"","_EventTimeRangeSeparator":"","_EventOrganizerID":[],"_EventVenueID":[],"_OrganizerEmail":"","_OrganizerPhone":"","_OrganizerWebsite":"","_VenueAddress":"","_VenueCity":"","_VenueCountry":"","_VenueProvince":"","_VenueState":"","_VenueZip":"","_VenuePhone":"","_VenueURL":"","_VenueStateProvince":"","_VenueLat":"","_VenueLng":"","_VenueShowMap":false,"_VenueShowMapLink":false,"footnotes":""},"categories":[],"tags":[],"class_list":["post-56","page","type-page","status-publish","hentry"],"jetpack_likes_enabled":true,"jetpack_sharing_enabled":true,"jetpack_shortlink":"https:\/\/wp.me\/PfghYs-U","jetpack-related-posts":[],"_links":{"self":[{"href":"https:\/\/docinterhar.ca\/fr\/wp-json\/wp\/v2\/pages\/56","targetHints":{"allow":["GET"]}}],"collection":[{"href":"https:\/\/docinterhar.ca\/fr\/wp-json\/wp\/v2\/pages"}],"about":[{"href":"https:\/\/docinterhar.ca\/fr\/wp-json\/wp\/v2\/types\/page"}],"author":[{"embeddable":true,"href":"https:\/\/docinterhar.ca\/fr\/wp-json\/wp\/v2\/users\/242268434"}],"replies":[{"embeddable":true,"href":"https:\/\/docinterhar.ca\/fr\/wp-json\/wp\/v2\/comments?post=56"}],"version-history":[{"count":5,"href":"https:\/\/docinterhar.ca\/fr\/wp-json\/wp\/v2\/pages\/56\/revisions"}],"predecessor-version":[{"id":7230,"href":"https:\/\/docinterhar.ca\/fr\/wp-json\/wp\/v2\/pages\/56\/revisions\/7230"}],"wp:attachment":[{"href":"https:\/\/docinterhar.ca\/fr\/wp-json\/wp\/v2\/media?parent=56"}],"wp:term":[{"taxonomy":"category","embeddable":true,"href":"https:\/\/docinterhar.ca\/fr\/wp-json\/wp\/v2\/categories?post=56"},{"taxonomy":"post_tag","embeddable":true,"href":"https:\/\/docinterhar.ca\/fr\/wp-json\/wp\/v2\/tags?post=56"}],"curies":[{"name":"wp","href":"https:\/\/api.w.org\/{rel}","templated":true}]}}